{"id":103,"date":"2024-06-14T22:31:46","date_gmt":"2024-06-14T20:31:46","guid":{"rendered":"https:\/\/claudieburel-herve.fr\/?page_id=103"},"modified":"2025-07-28T14:54:38","modified_gmt":"2025-07-28T12:54:38","slug":"liens","status":"publish","type":"page","link":"https:\/\/claudieburel-herve.fr\/index.php\/liens\/","title":{"rendered":"Liens"},"content":{"rendered":"\t\t<div data-elementor-type=\"wp-page\" data-elementor-id=\"103\" class=\"elementor elementor-103\">\n\t\t\t\t<div class=\"elementor-element elementor-element-b4a8dc7 e-flex e-con-boxed e-con e-parent\" data-id=\"b4a8dc7\" data-element_type=\"container\" data-e-type=\"container\">\n\t\t\t\t\t<div class=\"e-con-inner\">\n\t\t\t\t<div class=\"elementor-element elementor-element-19a3343 elementor-widget elementor-widget-text-editor\" data-id=\"19a3343\" data-element_type=\"widget\" data-e-type=\"widget\" data-widget_type=\"text-editor.default\">\n\t\t\t\t<div class=\"elementor-widget-container\">\n\t\t\t\t\t\t\t\t\t<h3><span dir=\"auto\" style=\"vertical-align: inherit;\"><span dir=\"auto\" style=\"vertical-align: inherit;\">\u00c9b\u00e9nistes :<\/span><\/span><\/h3><p><a href=\"https:\/\/ebenisterie-vernon27.fr\/\"><span dir=\"auto\" style=\"vertical-align: inherit;\"><span dir=\"auto\" style=\"vertical-align: inherit;\">Emanuel Querey, \u00e9b\u00e9niste d&#8217;art (restauration de meubles anciens)<\/span><\/span><\/a><\/p><p><a href=\"https:\/\/www.ebeniste-art-eure.fr\/\"><span dir=\"auto\" style=\"vertical-align: inherit;\"><span dir=\"auto\" style=\"vertical-align: inherit;\">Didier Pinson, \u00e9b\u00e9niste d&#8217;art (restauration et sp\u00e9cialis\u00e9 dans le meuble sur mesure)<\/span><\/span><\/a><\/p><h3><span dir=\"auto\" style=\"vertical-align: inherit;\"><span dir=\"auto\" style=\"vertical-align: inherit;\">Fournisseurs de tissus :\u00a0<\/span><\/span><\/h3><div><a href=\"https:\/\/www.lelievreparis.com\/\"><span dir=\"auto\" style=\"vertical-align: inherit;\"><span dir=\"auto\" style=\"vertical-align: inherit;\">Leli\u00e8vre<\/span><\/span><\/a><\/div><div><a href=\"https:\/\/www.casal.fr\/index.php\"><span dir=\"auto\" style=\"vertical-align: inherit;\"><span dir=\"auto\" style=\"vertical-align: inherit;\">Casal<\/span><\/span><\/a><\/div><div><a href=\"https:\/\/chivasso.jab.de\/fr\/fr\/brand\/chivasso\"><span dir=\"auto\" style=\"vertical-align: inherit;\"><span dir=\"auto\" style=\"vertical-align: inherit;\">Chivasso &#8211; Jab<\/span><\/span><\/a><\/div><div><a href=\"https:\/\/carlucci.jab.de\/fr\/fr\/category\/carlucci-fabrics\"><span dir=\"auto\" style=\"vertical-align: inherit;\"><span dir=\"auto\" style=\"vertical-align: inherit;\">Carlucci &#8211; Jab<\/span><\/span><\/a><\/div><div><a href=\"https:\/\/www.casal.fr\/24-luciano-marcato.html\"><span dir=\"auto\" style=\"vertical-align: inherit;\"><span dir=\"auto\" style=\"vertical-align: inherit;\">Luciano Mercato<\/span><\/span><\/a><\/div><div><a href=\"https:\/\/sanderson.sandersondesigngroup.com\/\"><span dir=\"auto\" style=\"vertical-align: inherit;\"><span dir=\"auto\" style=\"vertical-align: inherit;\">Sanderson<\/span><\/span><\/a><\/div><div><a href=\"https:\/\/www.romo.com\/\"><span dir=\"auto\" style=\"vertical-align: inherit;\"><span dir=\"auto\" style=\"vertical-align: inherit;\">Romo<\/span><\/span><\/a><\/div><div><a href=\"https:\/\/www.zinctextile.com\/\"><span dir=\"auto\" style=\"vertical-align: inherit;\"><span dir=\"auto\" style=\"vertical-align: inherit;\">Zinc<\/span><\/span><\/a><\/div><div><a href=\"https:\/\/clarke-clarke.sandersondesigngroup.com\/\"><span dir=\"auto\" style=\"vertical-align: inherit;\"><span dir=\"auto\" style=\"vertical-align: inherit;\">Clarke &amp; Clarke<\/span><\/span><\/a><\/div><div><a href=\"https:\/\/www.kirkbydesign.com\/\"><span dir=\"auto\" style=\"vertical-align: inherit;\"><span dir=\"auto\" style=\"vertical-align: inherit;\">Kirkby<\/span><\/span><\/a><\/div><div><a href=\"https:\/\/www.blackedition.com\/\"><span dir=\"auto\" style=\"vertical-align: inherit;\"><span dir=\"auto\" style=\"vertical-align: inherit;\">\u00c9dition noire<\/span><\/span><\/a><\/div><div><a href=\"https:\/\/www.villanova.co.uk\/\"><span dir=\"auto\" style=\"vertical-align: inherit;\"><span dir=\"auto\" style=\"vertical-align: inherit;\">Villa Nova<\/span><\/span><\/a><\/div><div><a href=\"https:\/\/www.edmond-petit.fr\/\"><span dir=\"auto\" style=\"vertical-align: inherit;\"><span dir=\"auto\" style=\"vertical-align: inherit;\">Edmond Petit<\/span><\/span><\/a><\/div><div><a href=\"https:\/\/www.veraseta.fr\/\"><span dir=\"auto\" style=\"vertical-align: inherit;\"><span dir=\"auto\" style=\"vertical-align: inherit;\">Veraseta<\/span><\/span><\/a><\/div><div>\u00a0<\/div><h3><span dir=\"auto\" style=\"vertical-align: inherit;\"><span dir=\"auto\" style=\"vertical-align: inherit;\">Artisans :<\/span><\/span><\/h3><p><a href=\"https:\/\/burel-sellier.com\/\"><span dir=\"auto\" style=\"vertical-align: inherit;\"><span dir=\"auto\" style=\"vertical-align: inherit;\">Marie-France Burel &#8211; selli\u00e8re maroquini\u00e8re<\/span><\/span><\/a><\/p><p><a href=\"https:\/\/willemy-charpente.fr\/\"><span dir=\"auto\" style=\"vertical-align: inherit;\"><span dir=\"auto\" style=\"vertical-align: inherit;\">Jean-Fran\u00e7ois et Romain Willemy &#8211; charpente<\/span><\/span><\/a><\/p><p><a href=\"https:\/\/www.instagram.com\/pouledeluxe27\/\"><span dir=\"auto\" style=\"vertical-align: inherit;\"><span dir=\"auto\" style=\"vertical-align: inherit;\">Poule de Luxe &#8211; accessoires fabriqu\u00e9s en Normandie<\/span><\/span><\/a><\/p><p><a href=\"https:\/\/www.carolelcreation.com\/\"><span dir=\"auto\" style=\"vertical-align: inherit;\"><span dir=\"auto\" style=\"vertical-align: inherit;\">Carole Letard &#8211; cr\u00e9ation de bijoux<\/span><\/span><\/a><\/p><p><a href=\"https:\/\/lefevre-francis.france-artisanat.fr\/\"><span dir=\"auto\" style=\"vertical-align: inherit;\"><span dir=\"auto\" style=\"vertical-align: inherit;\">Francis Lef\u00e8vre &#8211; cr\u00e9ateur verrier<\/span><\/span><\/a><\/p><p><a href=\"https:\/\/www.la-faiencerie-de-croisy.com\/\"><span dir=\"auto\" style=\"vertical-align: inherit;\"><span dir=\"auto\" style=\"vertical-align: inherit;\">Anne-Laure Buchaillat &#8211; c\u00e9ramiste<\/span><\/span><\/a><\/p><p><span dir=\"auto\" style=\"vertical-align: inherit;\"><span dir=\"auto\" style=\"vertical-align: inherit;\">Emanuel Thronel &#8211; tailleur de pierre &#8211; 06 16 08 21 60 &#8211; lapierredetaille@orange.fr<\/span><\/span><\/p><p><a href=\"https:\/\/annekalonji-plumassiere.fr\/\"><span dir=\"auto\" style=\"vertical-align: inherit;\"><span dir=\"auto\" style=\"vertical-align: inherit;\">Anne Kalonji &#8211; plumassi\u00e8re<\/span><\/span><\/a><\/p><p><a href=\"https:\/\/carofolies-bijoux.fr\/a-propos\/\"><span dir=\"auto\" style=\"vertical-align: inherit;\"><span dir=\"auto\" style=\"vertical-align: inherit;\">Caroline Margueritat &#8211; bijouti\u00e8re<\/span><\/span><\/a><\/p><p><a href=\"https:\/\/www.facebook.com\/ForgeValleeEure\"><span dir=\"auto\" style=\"vertical-align: inherit;\"><span dir=\"auto\" style=\"vertical-align: inherit;\">Romain Lecuyer &#8211; Ferronnerie d&#8217;art et m\u00e9tallerie<\/span><\/span><\/a><\/p>\t\t\t\t\t\t\t\t<\/div>\n\t\t\t\t<\/div>\n\t\t\t\t\t<\/div>\n\t\t\t\t<\/div>\n\t\t\t\t<\/div>\n\t\t","protected":false},"excerpt":{"rendered":"<p>\u00c9b\u00e9nistes : Emanuel Querey, \u00e9b\u00e9niste d&#8217;art (restauration de meubles anciens) Didier Pinson, \u00e9b\u00e9niste d&#8217;art (restauration et sp\u00e9cialis\u00e9 dans le meuble sur mesure) Fournisseurs de tissus :\u00a0 Leli\u00e8vreCasalChivasso &#8211; JabCarlucci &#8211; JabLuciano MercatoSandersonRomoZincClarke &amp; ClarkeKirkby\u00c9dition noireVilla NovaEdmond PetitVeraseta\u00a0 Artisans : Marie-France Burel &#8211; selli\u00e8re maroquini\u00e8re Jean-Fran\u00e7ois et Romain Willemy &#8211; charpente Poule de Luxe &#8211; accessoires &hellip; <\/p>\n","protected":false},"author":1,"featured_media":0,"parent":0,"menu_order":0,"comment_status":"closed","ping_status":"closed","template":"","meta":{"footnotes":""},"class_list":["post-103","page","type-page","status-publish","hentry","latest_post"],"_links":{"self":[{"href":"https:\/\/claudieburel-herve.fr\/index.php\/wp-json\/wp\/v2\/pages\/103","targetHints":{"allow":["GET"]}}],"collection":[{"href":"https:\/\/claudieburel-herve.fr\/index.php\/wp-json\/wp\/v2\/pages"}],"about":[{"href":"https:\/\/claudieburel-herve.fr\/index.php\/wp-json\/wp\/v2\/types\/page"}],"author":[{"embeddable":true,"href":"https:\/\/claudieburel-herve.fr\/index.php\/wp-json\/wp\/v2\/users\/1"}],"replies":[{"embeddable":true,"href":"https:\/\/claudieburel-herve.fr\/index.php\/wp-json\/wp\/v2\/comments?post=103"}],"version-history":[{"count":13,"href":"https:\/\/claudieburel-herve.fr\/index.php\/wp-json\/wp\/v2\/pages\/103\/revisions"}],"predecessor-version":[{"id":334,"href":"https:\/\/claudieburel-herve.fr\/index.php\/wp-json\/wp\/v2\/pages\/103\/revisions\/334"}],"wp:attachment":[{"href":"https:\/\/claudieburel-herve.fr\/index.php\/wp-json\/wp\/v2\/media?parent=103"}],"curies":[{"name":"wp","href":"https:\/\/api.w.org\/{rel}","templated":true}]}}