{"id":105,"date":"2024-06-14T23:02:51","date_gmt":"2024-06-14T21:02:51","guid":{"rendered":"https:\/\/claudieburel-herve.fr\/?page_id=105"},"modified":"2024-09-11T16:33:09","modified_gmt":"2024-09-11T14:33:09","slug":"contact","status":"publish","type":"page","link":"https:\/\/claudieburel-herve.fr\/index.php\/contact\/","title":{"rendered":"Contact"},"content":{"rendered":"\t\t<div data-elementor-type=\"wp-page\" data-elementor-id=\"105\" class=\"elementor elementor-105\">\n\t\t\t\t<div class=\"elementor-element elementor-element-584fb34 e-flex e-con-boxed e-con e-parent\" data-id=\"584fb34\" data-element_type=\"container\" data-e-type=\"container\">\n\t\t\t\t\t<div class=\"e-con-inner\">\n\t\t\t\t<div class=\"elementor-element elementor-element-4e5f051 elementor-widget elementor-widget-heading\" data-id=\"4e5f051\" data-element_type=\"widget\" data-e-type=\"widget\" data-widget_type=\"heading.default\">\n\t\t\t\t<div class=\"elementor-widget-container\">\n\t\t\t\t\t<h2 class=\"elementor-heading-title elementor-size-default\">Si vous voulez me contacter :<\/h2>\t\t\t\t<\/div>\n\t\t\t\t<\/div>\n\t\t\t\t\t<\/div>\n\t\t\t\t<\/div>\n\t\t<div class=\"elementor-element elementor-element-44f203f e-flex e-con-boxed e-con e-parent\" data-id=\"44f203f\" data-element_type=\"container\" data-e-type=\"container\">\n\t\t\t\t\t<div class=\"e-con-inner\">\n\t\t\t\t<div class=\"elementor-element elementor-element-6be105b elementor-widget elementor-widget-text-editor\" data-id=\"6be105b\" data-element_type=\"widget\" data-e-type=\"widget\" data-widget_type=\"text-editor.default\">\n\t\t\t\t<div class=\"elementor-widget-container\">\n\t\t\t\t\t\t\t\t\t<p>Vous pouvez prendre rendez-vous au : 02 32 36 70 19<\/p><p>ou m&#8217;envoyer un mail sur : claudieburel-herve@orange.fr<\/p><p>Avant de passer me voir \u00e0 l&#8217;atelier il est pr\u00e9f\u00e9rable de m&#8217;appeler car je peux \u00eatre en rendez-vous client\u00e8le.<\/p><p>Mon atelier se situe au<br \/>9 rue de l&#8217;ancienne forge,<br \/>27120 Fontaine-Sous-Jouy<\/p><p>Il est ouvert :<br \/>Mardi au Samedi 9h-12h, 15h-19h<br \/>Dimanche et Lundi uniquement sur rendez-vous.<\/p>\t\t\t\t\t\t\t\t<\/div>\n\t\t\t\t<\/div>\n\t\t\t\t\t<\/div>\n\t\t\t\t<\/div>\n\t\t<div class=\"elementor-element elementor-element-4e116a7 e-flex e-con-boxed e-con e-parent\" data-id=\"4e116a7\" data-element_type=\"container\" data-e-type=\"container\">\n\t\t\t\t\t<div class=\"e-con-inner\">\n\t\t\t\t<div class=\"elementor-element elementor-element-c2fcdb8 elementor-widget elementor-widget-image\" data-id=\"c2fcdb8\" data-element_type=\"widget\" data-e-type=\"widget\" data-widget_type=\"image.default\">\n\t\t\t\t<div class=\"elementor-widget-container\">\n\t\t\t\t\t\t\t\t\t\t\t\t\t\t\t<img fetchpriority=\"high\" decoding=\"async\" width=\"1024\" height=\"577\" src=\"http:\/\/claudieburel-herve.fr\/wp-content\/uploads\/2024\/06\/P1070686-1024x577.jpg\" class=\"attachment-large size-large wp-image-183\" alt=\"\" srcset=\"http:\/\/claudieburel-herve.fr\/wp-content\/uploads\/2024\/06\/P1070686-1024x577.jpg 1024w, http:\/\/claudieburel-herve.fr\/wp-content\/uploads\/2024\/06\/P1070686-300x169.jpg 300w, http:\/\/claudieburel-herve.fr\/wp-content\/uploads\/2024\/06\/P1070686-768x433.jpg 768w, http:\/\/claudieburel-herve.fr\/wp-content\/uploads\/2024\/06\/P1070686-1536x866.jpg 1536w, http:\/\/claudieburel-herve.fr\/wp-content\/uploads\/2024\/06\/P1070686-2048x1155.jpg 2048w\" sizes=\"(max-width: 1024px) 100vw, 1024px\" \/>\t\t\t\t\t\t\t\t\t\t\t\t\t\t\t<\/div>\n\t\t\t\t<\/div>\n\t\t\t\t\t<\/div>\n\t\t\t\t<\/div>\n\t\t\t\t<\/div>\n\t\t","protected":false},"excerpt":{"rendered":"<p>Si vous voulez me contacter : Vous pouvez prendre rendez-vous au : 02 32 36 70 19 ou m&#8217;envoyer un mail sur : claudieburel-herve@orange.fr Avant de passer me voir \u00e0 l&#8217;atelier il est pr\u00e9f\u00e9rable de m&#8217;appeler car je peux \u00eatre en rendez-vous client\u00e8le. Mon atelier se situe au9 rue de l&#8217;ancienne forge,27120 Fontaine-Sous-Jouy Il est &hellip; <\/p>\n","protected":false},"author":1,"featured_media":0,"parent":0,"menu_order":0,"comment_status":"closed","ping_status":"closed","template":"","meta":{"footnotes":""},"class_list":["post-105","page","type-page","status-publish","hentry","latest_post"],"_links":{"self":[{"href":"https:\/\/claudieburel-herve.fr\/index.php\/wp-json\/wp\/v2\/pages\/105","targetHints":{"allow":["GET"]}}],"collection":[{"href":"https:\/\/claudieburel-herve.fr\/index.php\/wp-json\/wp\/v2\/pages"}],"about":[{"href":"https:\/\/claudieburel-herve.fr\/index.php\/wp-json\/wp\/v2\/types\/page"}],"author":[{"embeddable":true,"href":"https:\/\/claudieburel-herve.fr\/index.php\/wp-json\/wp\/v2\/users\/1"}],"replies":[{"embeddable":true,"href":"https:\/\/claudieburel-herve.fr\/index.php\/wp-json\/wp\/v2\/comments?post=105"}],"version-history":[{"count":10,"href":"https:\/\/claudieburel-herve.fr\/index.php\/wp-json\/wp\/v2\/pages\/105\/revisions"}],"predecessor-version":[{"id":319,"href":"https:\/\/claudieburel-herve.fr\/index.php\/wp-json\/wp\/v2\/pages\/105\/revisions\/319"}],"wp:attachment":[{"href":"https:\/\/claudieburel-herve.fr\/index.php\/wp-json\/wp\/v2\/media?parent=105"}],"curies":[{"name":"wp","href":"https:\/\/api.w.org\/{rel}","templated":true}]}}