{"id":97,"date":"2024-06-14T23:10:40","date_gmt":"2024-06-14T21:10:40","guid":{"rendered":"https:\/\/claudieburel-herve.fr\/?page_id=97"},"modified":"2025-07-28T15:02:47","modified_gmt":"2025-07-28T13:02:47","slug":"realisations","status":"publish","type":"page","link":"https:\/\/claudieburel-herve.fr\/index.php\/realisations\/","title":{"rendered":"R\u00e9alisations"},"content":{"rendered":"\t\t<div data-elementor-type=\"wp-page\" data-elementor-id=\"97\" class=\"elementor elementor-97\">\n\t\t\t\t<div class=\"elementor-element elementor-element-6ef4190 e-flex e-con-boxed e-con e-parent\" data-id=\"6ef4190\" data-element_type=\"container\" data-e-type=\"container\">\n\t\t\t\t\t<div class=\"e-con-inner\">\n\t\t\t\t<div class=\"elementor-element elementor-element-d6ac717 elementor-arrows-position-inside elementor-pagination-position-outside elementor-widget elementor-widget-image-carousel\" data-id=\"d6ac717\" data-element_type=\"widget\" data-e-type=\"widget\" data-settings=\"{&quot;navigation&quot;:&quot;both&quot;,&quot;autoplay&quot;:&quot;yes&quot;,&quot;pause_on_hover&quot;:&quot;yes&quot;,&quot;pause_on_interaction&quot;:&quot;yes&quot;,&quot;autoplay_speed&quot;:5000,&quot;infinite&quot;:&quot;yes&quot;,&quot;speed&quot;:500}\" data-widget_type=\"image-carousel.default\">\n\t\t\t\t<div class=\"elementor-widget-container\">\n\t\t\t\t\t\t\t<div class=\"elementor-image-carousel-wrapper swiper\" role=\"region\" aria-roledescription=\"carousel\" aria-label=\"Image Carousel\" dir=\"ltr\">\n\t\t\t<div class=\"elementor-image-carousel swiper-wrapper\" aria-live=\"off\">\n\t\t\t\t\t\t\t\t<div class=\"swiper-slide\" role=\"group\" aria-roledescription=\"slide\" aria-label=\"1 of 29\"><figure class=\"swiper-slide-inner\"><img decoding=\"async\" class=\"swiper-slide-image\" src=\"http:\/\/claudieburel-herve.fr\/wp-content\/uploads\/2024\/06\/P1110089-300x225.jpg\" alt=\"P1110089\" \/><\/figure><\/div><div class=\"swiper-slide\" role=\"group\" aria-roledescription=\"slide\" aria-label=\"2 of 29\"><figure class=\"swiper-slide-inner\"><img decoding=\"async\" class=\"swiper-slide-image\" src=\"http:\/\/claudieburel-herve.fr\/wp-content\/uploads\/2024\/06\/100-0005_IMG-700x545-1-300x234.jpg\" alt=\"100-0005_IMG-700x545\" \/><\/figure><\/div><div class=\"swiper-slide\" role=\"group\" aria-roledescription=\"slide\" aria-label=\"3 of 29\"><figure class=\"swiper-slide-inner\"><img decoding=\"async\" class=\"swiper-slide-image\" src=\"http:\/\/claudieburel-herve.fr\/wp-content\/uploads\/2024\/06\/107-0766_IMG-700x545-1-300x234.jpg\" alt=\"107-0766_IMG-700x545\" \/><\/figure><\/div><div class=\"swiper-slide\" role=\"group\" aria-roledescription=\"slide\" aria-label=\"4 of 29\"><figure class=\"swiper-slide-inner\"><img decoding=\"async\" class=\"swiper-slide-image\" src=\"http:\/\/claudieburel-herve.fr\/wp-content\/uploads\/2024\/06\/bergere-bleue3-700x545-1-300x234.jpg\" alt=\"berg\u00e9re-bleue3-700x545\" \/><\/figure><\/div><div class=\"swiper-slide\" role=\"group\" aria-roledescription=\"slide\" aria-label=\"5 of 29\"><figure class=\"swiper-slide-inner\"><img decoding=\"async\" class=\"swiper-slide-image\" src=\"http:\/\/claudieburel-herve.fr\/wp-content\/uploads\/2024\/06\/Bergere-Louis-XVI-228x300.jpg\" alt=\"Berg\u00e8re-Louis-XVI\" \/><\/figure><\/div><div class=\"swiper-slide\" role=\"group\" aria-roledescription=\"slide\" aria-label=\"6 of 29\"><figure class=\"swiper-slide-inner\"><img decoding=\"async\" class=\"swiper-slide-image\" src=\"http:\/\/claudieburel-herve.fr\/wp-content\/uploads\/2024\/06\/bergere-Pascal-Aubin-03-700x545-1-300x234.jpg\" alt=\"berg\u00e8re-Pascal-Aubin-03-700x545\" \/><\/figure><\/div><div class=\"swiper-slide\" role=\"group\" aria-roledescription=\"slide\" aria-label=\"7 of 29\"><figure class=\"swiper-slide-inner\"><img decoding=\"async\" class=\"swiper-slide-image\" src=\"http:\/\/claudieburel-herve.fr\/wp-content\/uploads\/2024\/06\/coussin-brode-la-pair-700x545-1-300x234.jpg\" alt=\"coussin-brod\u00e9-la-pair-700x545\" \/><\/figure><\/div><div class=\"swiper-slide\" role=\"group\" aria-roledescription=\"slide\" aria-label=\"8 of 29\"><figure class=\"swiper-slide-inner\"><img decoding=\"async\" class=\"swiper-slide-image\" src=\"http:\/\/claudieburel-herve.fr\/wp-content\/uploads\/2024\/06\/coussin-gd-fleur-soie-grise-1-700x545-1-300x234.jpg\" alt=\"coussin-gd-fleur-soie-grise-1-700x545\" \/><\/figure><\/div><div class=\"swiper-slide\" role=\"group\" aria-roledescription=\"slide\" aria-label=\"9 of 29\"><figure class=\"swiper-slide-inner\"><img decoding=\"async\" class=\"swiper-slide-image\" src=\"http:\/\/claudieburel-herve.fr\/wp-content\/uploads\/2024\/06\/coussin-gd-fleur-verte-noir-700x545-1-300x234.jpg\" alt=\"coussin-gd-fleur-verte-noir-700x545\" \/><\/figure><\/div><div class=\"swiper-slide\" role=\"group\" aria-roledescription=\"slide\" aria-label=\"10 of 29\"><figure class=\"swiper-slide-inner\"><img decoding=\"async\" class=\"swiper-slide-image\" src=\"http:\/\/claudieburel-herve.fr\/wp-content\/uploads\/2024\/06\/cuir-rouge-1-700x545-1-300x234.jpg\" alt=\"cuir-rouge-1-700x545\" \/><\/figure><\/div><div class=\"swiper-slide\" role=\"group\" aria-roledescription=\"slide\" aria-label=\"11 of 29\"><figure class=\"swiper-slide-inner\"><img decoding=\"async\" class=\"swiper-slide-image\" src=\"http:\/\/claudieburel-herve.fr\/wp-content\/uploads\/2024\/06\/Fauteuil-Directoire-225x300.jpg\" alt=\"Fauteuil-Directoire\" \/><\/figure><\/div><div class=\"swiper-slide\" role=\"group\" aria-roledescription=\"slide\" aria-label=\"12 of 29\"><figure class=\"swiper-slide-inner\"><img decoding=\"async\" class=\"swiper-slide-image\" src=\"http:\/\/claudieburel-herve.fr\/wp-content\/uploads\/2024\/06\/Fauteuil-Martinand-700x545-1-300x234.jpg\" alt=\"Fauteuil-Martinand-700x545\" \/><\/figure><\/div><div class=\"swiper-slide\" role=\"group\" aria-roledescription=\"slide\" aria-label=\"13 of 29\"><figure class=\"swiper-slide-inner\"><img decoding=\"async\" class=\"swiper-slide-image\" src=\"http:\/\/claudieburel-herve.fr\/wp-content\/uploads\/2024\/06\/Faut-J.C.-700x545-1-300x234.jpg\" alt=\"Faut-J.C.-700x545\" \/><\/figure><\/div><div class=\"swiper-slide\" role=\"group\" aria-roledescription=\"slide\" aria-label=\"14 of 29\"><figure class=\"swiper-slide-inner\"><img decoding=\"async\" class=\"swiper-slide-image\" src=\"http:\/\/claudieburel-herve.fr\/wp-content\/uploads\/2024\/06\/IMG_0120-700x545-1-300x234.jpg\" alt=\"IMG_0120-700x545\" \/><\/figure><\/div><div class=\"swiper-slide\" role=\"group\" aria-roledescription=\"slide\" aria-label=\"15 of 29\"><figure class=\"swiper-slide-inner\"><img decoding=\"async\" class=\"swiper-slide-image\" src=\"http:\/\/claudieburel-herve.fr\/wp-content\/uploads\/2024\/06\/IMG_879-700x545-1-300x234.jpg\" alt=\"IMG_879-700x545\" \/><\/figure><\/div><div class=\"swiper-slide\" role=\"group\" aria-roledescription=\"slide\" aria-label=\"16 of 29\"><figure class=\"swiper-slide-inner\"><img decoding=\"async\" class=\"swiper-slide-image\" src=\"http:\/\/claudieburel-herve.fr\/wp-content\/uploads\/2024\/06\/IMG_0937-700x545-1-300x234.jpg\" alt=\"IMG_0937-700x545\" \/><\/figure><\/div><div class=\"swiper-slide\" role=\"group\" aria-roledescription=\"slide\" aria-label=\"17 of 29\"><figure class=\"swiper-slide-inner\"><img decoding=\"async\" class=\"swiper-slide-image\" src=\"http:\/\/claudieburel-herve.fr\/wp-content\/uploads\/2024\/06\/IMG_1021-700x545-1-300x234.jpg\" alt=\"IMG_1021-700x545\" \/><\/figure><\/div><div class=\"swiper-slide\" role=\"group\" aria-roledescription=\"slide\" aria-label=\"18 of 29\"><figure class=\"swiper-slide-inner\"><img decoding=\"async\" class=\"swiper-slide-image\" src=\"http:\/\/claudieburel-herve.fr\/wp-content\/uploads\/2024\/06\/IMG_1147-700x545-1-300x234.jpg\" alt=\"IMG_1147-700x545\" \/><\/figure><\/div><div class=\"swiper-slide\" role=\"group\" aria-roledescription=\"slide\" aria-label=\"19 of 29\"><figure class=\"swiper-slide-inner\"><img decoding=\"async\" class=\"swiper-slide-image\" src=\"http:\/\/claudieburel-herve.fr\/wp-content\/uploads\/2024\/06\/IMG_1154-700x545-1-300x234.jpg\" alt=\"IMG_1154-700x545\" \/><\/figure><\/div><div class=\"swiper-slide\" role=\"group\" aria-roledescription=\"slide\" aria-label=\"20 of 29\"><figure class=\"swiper-slide-inner\"><img decoding=\"async\" class=\"swiper-slide-image\" src=\"http:\/\/claudieburel-herve.fr\/wp-content\/uploads\/2024\/06\/IMG_1172-700x545-1-300x234.jpg\" alt=\"IMG_1172-700x545\" \/><\/figure><\/div><div class=\"swiper-slide\" role=\"group\" aria-roledescription=\"slide\" aria-label=\"21 of 29\"><figure class=\"swiper-slide-inner\"><img decoding=\"async\" class=\"swiper-slide-image\" src=\"http:\/\/claudieburel-herve.fr\/wp-content\/uploads\/2024\/06\/IMG_1194-700x545-1-300x234.jpg\" alt=\"IMG_1194-700x545\" \/><\/figure><\/div><div class=\"swiper-slide\" role=\"group\" aria-roledescription=\"slide\" aria-label=\"22 of 29\"><figure class=\"swiper-slide-inner\"><img decoding=\"async\" class=\"swiper-slide-image\" src=\"http:\/\/claudieburel-herve.fr\/wp-content\/uploads\/2024\/06\/IMG_1199-700x545-1-300x234.jpg\" alt=\"IMG_1199-700x545\" \/><\/figure><\/div><div class=\"swiper-slide\" role=\"group\" aria-roledescription=\"slide\" aria-label=\"23 of 29\"><figure class=\"swiper-slide-inner\"><img decoding=\"async\" class=\"swiper-slide-image\" src=\"http:\/\/claudieburel-herve.fr\/wp-content\/uploads\/2024\/06\/IMG_1389-700x545-1-300x234.jpg\" alt=\"IMG_1389-700x545\" \/><\/figure><\/div><div class=\"swiper-slide\" role=\"group\" aria-roledescription=\"slide\" aria-label=\"24 of 29\"><figure class=\"swiper-slide-inner\"><img decoding=\"async\" class=\"swiper-slide-image\" src=\"http:\/\/claudieburel-herve.fr\/wp-content\/uploads\/2024\/06\/Photo-6-700x545-1-300x234.jpg\" alt=\"Photo-6-700x545\" \/><\/figure><\/div><div class=\"swiper-slide\" role=\"group\" aria-roledescription=\"slide\" aria-label=\"25 of 29\"><figure class=\"swiper-slide-inner\"><img decoding=\"async\" class=\"swiper-slide-image\" src=\"http:\/\/claudieburel-herve.fr\/wp-content\/uploads\/2024\/06\/Photo-7-700x545-1-300x234.jpg\" alt=\"Photo-7-700x545\" \/><\/figure><\/div><div class=\"swiper-slide\" role=\"group\" aria-roledescription=\"slide\" aria-label=\"26 of 29\"><figure class=\"swiper-slide-inner\"><img decoding=\"async\" class=\"swiper-slide-image\" src=\"http:\/\/claudieburel-herve.fr\/wp-content\/uploads\/2024\/06\/Photo-8-700x545-1-300x234.jpg\" alt=\"Photo-8-700x545\" \/><\/figure><\/div><div class=\"swiper-slide\" role=\"group\" aria-roledescription=\"slide\" aria-label=\"27 of 29\"><figure class=\"swiper-slide-inner\"><img decoding=\"async\" class=\"swiper-slide-image\" src=\"http:\/\/claudieburel-herve.fr\/wp-content\/uploads\/2024\/06\/Photo-13-700x545-1-300x234.jpg\" alt=\"Photo-13-700x545\" \/><\/figure><\/div><div class=\"swiper-slide\" role=\"group\" aria-roledescription=\"slide\" aria-label=\"28 of 29\"><figure class=\"swiper-slide-inner\"><img decoding=\"async\" class=\"swiper-slide-image\" src=\"http:\/\/claudieburel-herve.fr\/wp-content\/uploads\/2024\/06\/Photo-15-700x545-1-300x234.jpg\" alt=\"Photo-15-700x545\" \/><\/figure><\/div><div class=\"swiper-slide\" role=\"group\" aria-roledescription=\"slide\" aria-label=\"29 of 29\"><figure class=\"swiper-slide-inner\"><img decoding=\"async\" class=\"swiper-slide-image\" src=\"http:\/\/claudieburel-herve.fr\/wp-content\/uploads\/2024\/06\/Photo-16-700x545-1-300x234.jpg\" alt=\"Photo-16-700x545\" \/><\/figure><\/div>\t\t\t<\/div>\n\t\t\t\t\t\t\t\t\t\t\t\t<div class=\"elementor-swiper-button elementor-swiper-button-prev\" role=\"button\" tabindex=\"0\">\n\t\t\t\t\t\t<svg aria-hidden=\"true\" class=\"e-font-icon-svg e-eicon-chevron-left\" viewBox=\"0 0 1000 1000\" xmlns=\"http:\/\/www.w3.org\/2000\/svg\"><path d=\"M646 125C629 125 613 133 604 142L308 442C296 454 292 471 292 487 292 504 296 521 308 533L604 854C617 867 629 875 646 875 663 875 679 871 692 858 704 846 713 829 713 812 713 796 708 779 692 767L438 487 692 225C700 217 708 204 708 187 708 171 704 154 692 142 675 129 663 125 646 125Z\"><\/path><\/svg>\t\t\t\t\t<\/div>\n\t\t\t\t\t<div class=\"elementor-swiper-button elementor-swiper-button-next\" role=\"button\" tabindex=\"0\">\n\t\t\t\t\t\t<svg aria-hidden=\"true\" class=\"e-font-icon-svg e-eicon-chevron-right\" viewBox=\"0 0 1000 1000\" xmlns=\"http:\/\/www.w3.org\/2000\/svg\"><path d=\"M696 533C708 521 713 504 713 487 713 471 708 454 696 446L400 146C388 133 375 125 354 125 338 125 325 129 313 142 300 154 292 171 292 187 292 204 296 221 308 233L563 492 304 771C292 783 288 800 288 817 288 833 296 850 308 863 321 871 338 875 354 875 371 875 388 867 400 854L696 533Z\"><\/path><\/svg>\t\t\t\t\t<\/div>\n\t\t\t\t\n\t\t\t\t\t\t\t\t\t<div class=\"swiper-pagination\"><\/div>\n\t\t\t\t\t\t\t\t\t<\/div>\n\t\t\t\t\t\t<\/div>\n\t\t\t\t<\/div>\n\t\t\t\t\t<\/div>\n\t\t\t\t<\/div>\n\t\t<div class=\"elementor-element elementor-element-d1bd1c6 e-flex e-con-boxed e-con e-parent\" data-id=\"d1bd1c6\" data-element_type=\"container\" data-e-type=\"container\">\n\t\t\t\t\t<div class=\"e-con-inner\">\n\t\t\t\t<div class=\"elementor-element elementor-element-be23d46 elementor-widget elementor-widget-spacer\" data-id=\"be23d46\" data-element_type=\"widget\" data-e-type=\"widget\" data-widget_type=\"spacer.default\">\n\t\t\t\t<div class=\"elementor-widget-container\">\n\t\t\t\t\t\t\t<div class=\"elementor-spacer\">\n\t\t\t<div class=\"elementor-spacer-inner\"><\/div>\n\t\t<\/div>\n\t\t\t\t\t\t<\/div>\n\t\t\t\t<\/div>\n\t\t\t\t\t<\/div>\n\t\t\t\t<\/div>\n\t\t<div class=\"elementor-element elementor-element-1f602f4 e-flex e-con-boxed e-con e-parent\" data-id=\"1f602f4\" data-element_type=\"container\" data-e-type=\"container\">\n\t\t\t\t\t<div class=\"e-con-inner\">\n\t\t\t\t<div class=\"elementor-element elementor-element-d93d8f8 elementor-widget elementor-widget-text-editor\" data-id=\"d93d8f8\" data-element_type=\"widget\" data-e-type=\"widget\" data-widget_type=\"text-editor.default\">\n\t\t\t\t<div class=\"elementor-widget-container\">\n\t\t\t\t\t\t\t\t\t<p><span dir=\"auto\" style=\"vertical-align: inherit;\"><span dir=\"auto\" style=\"vertical-align: inherit;\">En fonction de vos go\u00fbts, de votre int\u00e9rieur, de votre d\u00e9coration et de votre budget ; je peux vous conseiller. <\/span><\/span><br \/><span dir=\"auto\" style=\"vertical-align: inherit;\"><span dir=\"auto\" style=\"vertical-align: inherit;\">Que se soit pour un rendu original, dans le pur style ou un relooking complet, (presque) tout est possible. Il existe un tr\u00e8s grand choix de tissus <\/span><\/span><a href=\"https:\/\/claudieburel-herve.fr\/index.php\/liens\/\"><span dir=\"auto\" style=\"vertical-align: inherit;\"><span dir=\"auto\" style=\"vertical-align: inherit;\">(voir dans la page des liens)<\/span><\/span><\/a><span dir=\"auto\" style=\"vertical-align: inherit;\"><span dir=\"auto\" style=\"vertical-align: inherit;\"> et de finitions.<\/span><\/span><\/p><p><span dir=\"auto\" style=\"vertical-align: inherit;\"><span dir=\"auto\" style=\"vertical-align: inherit;\">Les tissus peuvent \u00eatre trait\u00e9s non-feu pour certains, antitache pour d&#8217;autres. La composition peut \u00eatre naturelle &#8211; j&#8217;ai une belle gamme : de lainage, de 100% coton, de m\u00e9tis lin et coton, ou synth\u00e9tique, des mat\u00e9riaux tr\u00e8s doux genre velours, ou des toiles \u00e9paisses et denses.<\/span><\/span><\/p><p><span dir=\"auto\" style=\"vertical-align: inherit;\"><span dir=\"auto\" style=\"vertical-align: inherit;\">Des tissus tr\u00e8s techniques arrivent sur le march\u00e9 : rendus m\u00e9tallis\u00e9s, contrast\u00e9s, qui peuvent \u00eatre int\u00e9ressants. J&#8217;ai aussi des collections avec des tons tout en douceur pour une ambiance plus sereine.<\/span><\/span><\/p>\t\t\t\t\t\t\t\t<\/div>\n\t\t\t\t<\/div>\n\t\t\t\t\t<\/div>\n\t\t\t\t<\/div>\n\t\t<div class=\"elementor-element elementor-element-fcade12 e-grid e-con-boxed e-con e-parent\" data-id=\"fcade12\" data-element_type=\"container\" data-e-type=\"container\">\n\t\t\t\t\t<div class=\"e-con-inner\">\n\t\t\t\t<div class=\"elementor-element elementor-element-ce58211 elementor-position-top elementor-widget elementor-widget-image-box\" data-id=\"ce58211\" data-element_type=\"widget\" data-e-type=\"widget\" data-widget_type=\"image-box.default\">\n\t\t\t\t<div class=\"elementor-widget-container\">\n\t\t\t\t\t<div class=\"elementor-image-box-wrapper\"><figure class=\"elementor-image-box-img\"><a href=\"https:\/\/claudieburel-herve.fr\/index.php\/realisations\/relooking\/\" tabindex=\"-1\"><img fetchpriority=\"high\" decoding=\"async\" width=\"1920\" height=\"2560\" src=\"http:\/\/claudieburel-herve.fr\/wp-content\/uploads\/2024\/06\/IMG_5730-scaled.jpg\" class=\"attachment-full size-full wp-image-149\" alt=\"\" srcset=\"https:\/\/claudieburel-herve.fr\/wp-content\/uploads\/2024\/06\/IMG_5730-scaled.jpg 1920w, https:\/\/claudieburel-herve.fr\/wp-content\/uploads\/2024\/06\/IMG_5730-225x300.jpg 225w, https:\/\/claudieburel-herve.fr\/wp-content\/uploads\/2024\/06\/IMG_5730-768x1024.jpg 768w, https:\/\/claudieburel-herve.fr\/wp-content\/uploads\/2024\/06\/IMG_5730-1152x1536.jpg 1152w, https:\/\/claudieburel-herve.fr\/wp-content\/uploads\/2024\/06\/IMG_5730-1536x2048.jpg 1536w\" sizes=\"(max-width: 1920px) 100vw, 1920px\" \/><\/a><\/figure><div class=\"elementor-image-box-content\"><h3 class=\"elementor-image-box-title\"><a href=\"https:\/\/claudieburel-herve.fr\/index.php\/realisations\/relooking\/\">Vers un esprit plus relooking <\/a><\/h3><p class=\"elementor-image-box-description\">Voici quelques r\u00e9alisations. Il y a un travail sur la teinte du bois, du gainage en cuir, et la mise en place d'un tissu contemporain.<\/p><\/div><\/div>\t\t\t\t<\/div>\n\t\t\t\t<\/div>\n\t\t\t\t<div class=\"elementor-element elementor-element-ffc30f2 elementor-position-top elementor-widget elementor-widget-image-box\" data-id=\"ffc30f2\" data-element_type=\"widget\" data-e-type=\"widget\" data-widget_type=\"image-box.default\">\n\t\t\t\t<div class=\"elementor-widget-container\">\n\t\t\t\t\t<div class=\"elementor-image-box-wrapper\"><figure class=\"elementor-image-box-img\"><a href=\"https:\/\/claudieburel-herve.fr\/index.php\/realisations\/dans-le-style\/\" tabindex=\"-1\"><img decoding=\"async\" width=\"700\" height=\"545\" src=\"http:\/\/claudieburel-herve.fr\/wp-content\/uploads\/2024\/06\/IMG_1172-700x545-1.jpg\" class=\"attachment-large size-large wp-image-208\" alt=\"\" srcset=\"https:\/\/claudieburel-herve.fr\/wp-content\/uploads\/2024\/06\/IMG_1172-700x545-1.jpg 700w, https:\/\/claudieburel-herve.fr\/wp-content\/uploads\/2024\/06\/IMG_1172-700x545-1-300x234.jpg 300w\" sizes=\"(max-width: 700px) 100vw, 700px\" \/><\/a><\/figure><div class=\"elementor-image-box-content\"><h3 class=\"elementor-image-box-title\"><a href=\"https:\/\/claudieburel-herve.fr\/index.php\/realisations\/dans-le-style\/\">Pour rester dans le style<\/a><\/h3><p class=\"elementor-image-box-description\">Plus classique on obtient une satisfaction en conservant l'\u00e9tat d'esprit du meuble. \nVous trouverez ici des r\u00e9alisations \"dans le style\".<\/p><\/div><\/div>\t\t\t\t<\/div>\n\t\t\t\t<\/div>\n\t\t\t\t\t<\/div>\n\t\t\t\t<\/div>\n\t\t\t\t<\/div>\n\t\t","protected":false},"excerpt":{"rendered":"<p>En fonction de vos go\u00fbts, de votre int\u00e9rieur, de votre d\u00e9coration et de votre budget ; je peux vous conseiller. Que se soit pour un rendu original, dans le pur style ou un relooking complet, (presque) tout est possible. Il existe un tr\u00e8s grand choix de tissus (voir dans la page des liens) et de &hellip; <\/p>\n","protected":false},"author":1,"featured_media":0,"parent":0,"menu_order":0,"comment_status":"closed","ping_status":"closed","template":"","meta":{"footnotes":""},"class_list":["post-97","page","type-page","status-publish","hentry","latest_post"],"_links":{"self":[{"href":"https:\/\/claudieburel-herve.fr\/index.php\/wp-json\/wp\/v2\/pages\/97","targetHints":{"allow":["GET"]}}],"collection":[{"href":"https:\/\/claudieburel-herve.fr\/index.php\/wp-json\/wp\/v2\/pages"}],"about":[{"href":"https:\/\/claudieburel-herve.fr\/index.php\/wp-json\/wp\/v2\/types\/page"}],"author":[{"embeddable":true,"href":"https:\/\/claudieburel-herve.fr\/index.php\/wp-json\/wp\/v2\/users\/1"}],"replies":[{"embeddable":true,"href":"https:\/\/claudieburel-herve.fr\/index.php\/wp-json\/wp\/v2\/comments?post=97"}],"version-history":[{"count":22,"href":"https:\/\/claudieburel-herve.fr\/index.php\/wp-json\/wp\/v2\/pages\/97\/revisions"}],"predecessor-version":[{"id":344,"href":"https:\/\/claudieburel-herve.fr\/index.php\/wp-json\/wp\/v2\/pages\/97\/revisions\/344"}],"wp:attachment":[{"href":"https:\/\/claudieburel-herve.fr\/index.php\/wp-json\/wp\/v2\/media?parent=97"}],"curies":[{"name":"wp","href":"https:\/\/api.w.org\/{rel}","templated":true}]}}