{"id":99,"date":"2024-06-14T22:00:41","date_gmt":"2024-06-14T20:00:41","guid":{"rendered":"https:\/\/claudieburel-herve.fr\/?page_id=99"},"modified":"2025-07-28T15:06:59","modified_gmt":"2025-07-28T13:06:59","slug":"relooking","status":"publish","type":"page","link":"https:\/\/claudieburel-herve.fr\/index.php\/realisations\/relooking\/","title":{"rendered":"Relooking"},"content":{"rendered":"\t\t<div data-elementor-type=\"wp-page\" data-elementor-id=\"99\" class=\"elementor elementor-99\">\n\t\t\t\t<div class=\"elementor-element elementor-element-1667e64 e-grid e-con-boxed e-con e-parent\" data-id=\"1667e64\" data-element_type=\"container\" data-e-type=\"container\">\n\t\t\t\t\t<div class=\"e-con-inner\">\n\t\t\t\t<div class=\"elementor-element elementor-element-508c3d9 elementor-widget elementor-widget-heading\" data-id=\"508c3d9\" data-element_type=\"widget\" data-e-type=\"widget\" data-widget_type=\"heading.default\">\n\t\t\t\t<div class=\"elementor-widget-container\">\n\t\t\t\t\t<h1 class=\"elementor-heading-title elementor-size-default\">Une seconde vie<\/h1>\t\t\t\t<\/div>\n\t\t\t\t<\/div>\n\t\t\t\t<div class=\"elementor-element elementor-element-5e09e9b elementor-widget elementor-widget-image\" data-id=\"5e09e9b\" data-element_type=\"widget\" data-e-type=\"widget\" data-widget_type=\"image.default\">\n\t\t\t\t<div class=\"elementor-widget-container\">\n\t\t\t\t\t\t\t\t\t\t\t\t\t\t\t<img fetchpriority=\"high\" decoding=\"async\" width=\"300\" height=\"169\" src=\"https:\/\/claudieburel-herve.fr\/wp-content\/uploads\/2024\/06\/20160621_180549-300x169.jpg\" class=\"attachment-medium size-medium wp-image-140\" alt=\"\" srcset=\"https:\/\/claudieburel-herve.fr\/wp-content\/uploads\/2024\/06\/20160621_180549-300x169.jpg 300w, https:\/\/claudieburel-herve.fr\/wp-content\/uploads\/2024\/06\/20160621_180549-1024x576.jpg 1024w, https:\/\/claudieburel-herve.fr\/wp-content\/uploads\/2024\/06\/20160621_180549-768x432.jpg 768w, https:\/\/claudieburel-herve.fr\/wp-content\/uploads\/2024\/06\/20160621_180549-1536x864.jpg 1536w, https:\/\/claudieburel-herve.fr\/wp-content\/uploads\/2024\/06\/20160621_180549-2048x1152.jpg 2048w\" sizes=\"(max-width: 300px) 100vw, 300px\" \/>\t\t\t\t\t\t\t\t\t\t\t\t\t\t\t<\/div>\n\t\t\t\t<\/div>\n\t\t\t\t<div class=\"elementor-element elementor-element-53fcabb elementor-widget elementor-widget-image\" data-id=\"53fcabb\" data-element_type=\"widget\" data-e-type=\"widget\" data-widget_type=\"image.default\">\n\t\t\t\t<div class=\"elementor-widget-container\">\n\t\t\t\t\t\t\t\t\t\t\t\t\t\t\t<img decoding=\"async\" width=\"169\" height=\"300\" src=\"https:\/\/claudieburel-herve.fr\/wp-content\/uploads\/2024\/06\/20160621_180445-169x300.jpg\" class=\"attachment-medium size-medium wp-image-139\" alt=\"\" srcset=\"https:\/\/claudieburel-herve.fr\/wp-content\/uploads\/2024\/06\/20160621_180445-169x300.jpg 169w, https:\/\/claudieburel-herve.fr\/wp-content\/uploads\/2024\/06\/20160621_180445-576x1024.jpg 576w, https:\/\/claudieburel-herve.fr\/wp-content\/uploads\/2024\/06\/20160621_180445-768x1365.jpg 768w, https:\/\/claudieburel-herve.fr\/wp-content\/uploads\/2024\/06\/20160621_180445-864x1536.jpg 864w, https:\/\/claudieburel-herve.fr\/wp-content\/uploads\/2024\/06\/20160621_180445-1152x2048.jpg 1152w, https:\/\/claudieburel-herve.fr\/wp-content\/uploads\/2024\/06\/20160621_180445-scaled.jpg 1440w\" sizes=\"(max-width: 169px) 100vw, 169px\" \/>\t\t\t\t\t\t\t\t\t\t\t\t\t\t\t<\/div>\n\t\t\t\t<\/div>\n\t\t\t\t<div class=\"elementor-element elementor-element-c4e0af3 elementor-widget elementor-widget-text-editor\" data-id=\"c4e0af3\" data-element_type=\"widget\" data-e-type=\"widget\" data-widget_type=\"text-editor.default\">\n\t\t\t\t<div class=\"elementor-widget-container\">\n\t\t\t\t\t\t\t\t\t<p><span dir=\"auto\" style=\"vertical-align: inherit;\"><span dir=\"auto\" style=\"vertical-align: inherit;\">Les chaises de la cuisine des ann\u00e9es 50&#8242;, un fauteuil trouv\u00e9 dans un vide grenier ou encore un h\u00e9ritage&#8230;. <\/span><\/span><br \/><span dir=\"auto\" style=\"vertical-align: inherit;\"><span dir=\"auto\" style=\"vertical-align: inherit;\">Au lieu de jeter, vendre ou donner : pourquoi ne pas relooker ce meuble pour lui donner une seconde vie ?<\/span><\/span><\/p><p><span dir=\"auto\" style=\"vertical-align: inherit;\"><span dir=\"auto\" style=\"vertical-align: inherit;\">D\u00e9caper, repeindre le bois ou encore le gainer, choisir un tissu plus &#8220;p\u00e9tillant&#8221; et moderne donner un souffle nouveau et \u00e9gayer votre int\u00e9rieur.\u00a0<\/span><\/span><\/p><p><span dir=\"auto\" style=\"vertical-align: inherit;\"><span dir=\"auto\" style=\"vertical-align: inherit;\">En plus cela s&#8217;int\u00e8gre dans un objectif plus durable et \u00e9cologique.\u00a0<\/span><\/span><\/p>\t\t\t\t\t\t\t\t<\/div>\n\t\t\t\t<\/div>\n\t\t\t\t\t<\/div>\n\t\t\t\t<\/div>\n\t\t<div class=\"elementor-element elementor-element-87760b3 e-flex e-con-boxed e-con e-parent\" data-id=\"87760b3\" data-element_type=\"container\" data-e-type=\"container\">\n\t\t\t\t\t<div class=\"e-con-inner\">\n\t\t\t\t<div class=\"elementor-element elementor-element-997bdbe elementor-widget-divider--view-line elementor-widget elementor-widget-divider\" data-id=\"997bdbe\" data-element_type=\"widget\" data-e-type=\"widget\" data-widget_type=\"divider.default\">\n\t\t\t\t<div class=\"elementor-widget-container\">\n\t\t\t\t\t\t\t<div class=\"elementor-divider\">\n\t\t\t<span class=\"elementor-divider-separator\">\n\t\t\t\t\t\t<\/span>\n\t\t<\/div>\n\t\t\t\t\t\t<\/div>\n\t\t\t\t<\/div>\n\t\t\t\t<div class=\"elementor-element elementor-element-b8a19ad elementor-widget__width-auto elementor-arrows-position-inside elementor-pagination-position-outside elementor-widget elementor-widget-image-carousel\" data-id=\"b8a19ad\" data-element_type=\"widget\" data-e-type=\"widget\" data-settings=\"{&quot;slides_to_show&quot;:&quot;3&quot;,&quot;slides_to_scroll&quot;:&quot;1&quot;,&quot;navigation&quot;:&quot;both&quot;,&quot;autoplay&quot;:&quot;yes&quot;,&quot;pause_on_hover&quot;:&quot;yes&quot;,&quot;pause_on_interaction&quot;:&quot;yes&quot;,&quot;autoplay_speed&quot;:5000,&quot;infinite&quot;:&quot;yes&quot;,&quot;speed&quot;:500}\" data-widget_type=\"image-carousel.default\">\n\t\t\t\t<div class=\"elementor-widget-container\">\n\t\t\t\t\t\t\t<div class=\"elementor-image-carousel-wrapper swiper\" role=\"region\" aria-roledescription=\"carousel\" aria-label=\"Image Carousel\" dir=\"ltr\">\n\t\t\t<div class=\"elementor-image-carousel swiper-wrapper\" aria-live=\"off\">\n\t\t\t\t\t\t\t\t<div class=\"swiper-slide\" role=\"group\" aria-roledescription=\"slide\" aria-label=\"1 of 10\"><figure class=\"swiper-slide-inner\"><img decoding=\"async\" class=\"swiper-slide-image\" src=\"https:\/\/claudieburel-herve.fr\/wp-content\/uploads\/2024\/06\/20160621_145316-576x1024.jpg\" alt=\"20160621_145316\" \/><\/figure><\/div><div class=\"swiper-slide\" role=\"group\" aria-roledescription=\"slide\" aria-label=\"2 of 10\"><figure class=\"swiper-slide-inner\"><img decoding=\"async\" class=\"swiper-slide-image\" src=\"https:\/\/claudieburel-herve.fr\/wp-content\/uploads\/2024\/06\/20160621_145416-576x1024.jpg\" alt=\"20160621_145416\" \/><\/figure><\/div><div class=\"swiper-slide\" role=\"group\" aria-roledescription=\"slide\" aria-label=\"3 of 10\"><figure class=\"swiper-slide-inner\"><img decoding=\"async\" class=\"swiper-slide-image\" src=\"https:\/\/claudieburel-herve.fr\/wp-content\/uploads\/2024\/06\/20160621_145757-576x1024.jpg\" alt=\"20160621_145757\" \/><\/figure><\/div><div class=\"swiper-slide\" role=\"group\" aria-roledescription=\"slide\" aria-label=\"4 of 10\"><figure class=\"swiper-slide-inner\"><img decoding=\"async\" class=\"swiper-slide-image\" src=\"https:\/\/claudieburel-herve.fr\/wp-content\/uploads\/2024\/06\/20160621_150234-576x1024.jpg\" alt=\"20160621_150234\" \/><\/figure><\/div><div class=\"swiper-slide\" role=\"group\" aria-roledescription=\"slide\" aria-label=\"5 of 10\"><figure class=\"swiper-slide-inner\"><img decoding=\"async\" class=\"swiper-slide-image\" src=\"https:\/\/claudieburel-herve.fr\/wp-content\/uploads\/2024\/06\/20160621_150344-576x1024.jpg\" alt=\"20160621_150344\" \/><\/figure><\/div><div class=\"swiper-slide\" role=\"group\" aria-roledescription=\"slide\" aria-label=\"6 of 10\"><figure class=\"swiper-slide-inner\"><img decoding=\"async\" class=\"swiper-slide-image\" src=\"https:\/\/claudieburel-herve.fr\/wp-content\/uploads\/2024\/06\/20160621_180647-576x1024.jpg\" alt=\"20160621_180647\" \/><\/figure><\/div><div class=\"swiper-slide\" role=\"group\" aria-roledescription=\"slide\" aria-label=\"7 of 10\"><figure class=\"swiper-slide-inner\"><img decoding=\"async\" class=\"swiper-slide-image\" src=\"https:\/\/claudieburel-herve.fr\/wp-content\/uploads\/2024\/06\/20160621_181158-576x1024.jpg\" alt=\"20160621_181158\" \/><\/figure><\/div><div class=\"swiper-slide\" role=\"group\" aria-roledescription=\"slide\" aria-label=\"8 of 10\"><figure class=\"swiper-slide-inner\"><img decoding=\"async\" class=\"swiper-slide-image\" src=\"https:\/\/claudieburel-herve.fr\/wp-content\/uploads\/2024\/06\/20160621_181255-576x1024.jpg\" alt=\"20160621_181255\" \/><\/figure><\/div><div class=\"swiper-slide\" role=\"group\" aria-roledescription=\"slide\" aria-label=\"9 of 10\"><figure class=\"swiper-slide-inner\"><img decoding=\"async\" class=\"swiper-slide-image\" src=\"https:\/\/claudieburel-herve.fr\/wp-content\/uploads\/2024\/06\/IMG_5730-768x1024.jpg\" alt=\"IMG_5730\" \/><\/figure><\/div><div class=\"swiper-slide\" role=\"group\" aria-roledescription=\"slide\" aria-label=\"10 of 10\"><figure class=\"swiper-slide-inner\"><img decoding=\"async\" class=\"swiper-slide-image\" src=\"https:\/\/claudieburel-herve.fr\/wp-content\/uploads\/2024\/06\/P1110072-768x1024.jpg\" alt=\"P1110072\" \/><\/figure><\/div>\t\t\t<\/div>\n\t\t\t\t\t\t\t\t\t\t\t\t<div class=\"elementor-swiper-button elementor-swiper-button-prev\" role=\"button\" tabindex=\"0\">\n\t\t\t\t\t\t<svg aria-hidden=\"true\" class=\"e-font-icon-svg e-eicon-chevron-left\" viewBox=\"0 0 1000 1000\" xmlns=\"http:\/\/www.w3.org\/2000\/svg\"><path d=\"M646 125C629 125 613 133 604 142L308 442C296 454 292 471 292 487 292 504 296 521 308 533L604 854C617 867 629 875 646 875 663 875 679 871 692 858 704 846 713 829 713 812 713 796 708 779 692 767L438 487 692 225C700 217 708 204 708 187 708 171 704 154 692 142 675 129 663 125 646 125Z\"><\/path><\/svg>\t\t\t\t\t<\/div>\n\t\t\t\t\t<div class=\"elementor-swiper-button elementor-swiper-button-next\" role=\"button\" tabindex=\"0\">\n\t\t\t\t\t\t<svg aria-hidden=\"true\" class=\"e-font-icon-svg e-eicon-chevron-right\" viewBox=\"0 0 1000 1000\" xmlns=\"http:\/\/www.w3.org\/2000\/svg\"><path d=\"M696 533C708 521 713 504 713 487 713 471 708 454 696 446L400 146C388 133 375 125 354 125 338 125 325 129 313 142 300 154 292 171 292 187 292 204 296 221 308 233L563 492 304 771C292 783 288 800 288 817 288 833 296 850 308 863 321 871 338 875 354 875 371 875 388 867 400 854L696 533Z\"><\/path><\/svg>\t\t\t\t\t<\/div>\n\t\t\t\t\n\t\t\t\t\t\t\t\t\t<div class=\"swiper-pagination\"><\/div>\n\t\t\t\t\t\t\t\t\t<\/div>\n\t\t\t\t\t\t<\/div>\n\t\t\t\t<\/div>\n\t\t\t\t\t<\/div>\n\t\t\t\t<\/div>\n\t\t\t\t<\/div>\n\t\t","protected":false},"excerpt":{"rendered":"<p>Une seconde vie Les chaises de la cuisine des ann\u00e9es 50&#8242;, un fauteuil trouv\u00e9 dans un vide grenier ou encore un h\u00e9ritage&#8230;. Au lieu de jeter, vendre ou donner : pourquoi ne pas relooker ce meuble pour lui donner une seconde vie ? D\u00e9caper, repeindre le bois ou encore le gainer, choisir un tissu plus &hellip; <\/p>\n","protected":false},"author":1,"featured_media":0,"parent":97,"menu_order":1,"comment_status":"closed","ping_status":"closed","template":"elementor_theme","meta":{"footnotes":""},"class_list":["post-99","page","type-page","status-publish","hentry","latest_post"],"_links":{"self":[{"href":"https:\/\/claudieburel-herve.fr\/index.php\/wp-json\/wp\/v2\/pages\/99","targetHints":{"allow":["GET"]}}],"collection":[{"href":"https:\/\/claudieburel-herve.fr\/index.php\/wp-json\/wp\/v2\/pages"}],"about":[{"href":"https:\/\/claudieburel-herve.fr\/index.php\/wp-json\/wp\/v2\/types\/page"}],"author":[{"embeddable":true,"href":"https:\/\/claudieburel-herve.fr\/index.php\/wp-json\/wp\/v2\/users\/1"}],"replies":[{"embeddable":true,"href":"https:\/\/claudieburel-herve.fr\/index.php\/wp-json\/wp\/v2\/comments?post=99"}],"version-history":[{"count":10,"href":"https:\/\/claudieburel-herve.fr\/index.php\/wp-json\/wp\/v2\/pages\/99\/revisions"}],"predecessor-version":[{"id":347,"href":"https:\/\/claudieburel-herve.fr\/index.php\/wp-json\/wp\/v2\/pages\/99\/revisions\/347"}],"up":[{"embeddable":true,"href":"https:\/\/claudieburel-herve.fr\/index.php\/wp-json\/wp\/v2\/pages\/97"}],"wp:attachment":[{"href":"https:\/\/claudieburel-herve.fr\/index.php\/wp-json\/wp\/v2\/media?parent=99"}],"curies":[{"name":"wp","href":"https:\/\/api.w.org\/{rel}","templated":true}]}}